{"id":2,"date":"2024-01-04T11:01:59","date_gmt":"2024-01-04T10:01:59","guid":{"rendered":"https:\/\/herboristerie.ortieetplantain.fr\/?page_id=2"},"modified":"2024-02-05T11:51:56","modified_gmt":"2024-02-05T10:51:56","slug":"page-d-exemple","status":"publish","type":"page","link":"https:\/\/herboristerie.ortieetplantain.fr\/index.php\/page-d-exemple\/","title":{"rendered":"Page d\u2019exemple"},"content":{"rendered":"\n<p>Ceci est une page d\u2019exemple. C\u2019est diff\u00e9rent d\u2019un article de blog parce qu\u2019elle restera au m\u00eame endroit et appara\u00eetra dans la navigation de votre site (dans la plupart des th\u00e8mes). La plupart des gens commencent par une page \u00ab&nbsp;\u00c0 propos&nbsp;\u00bb qui les pr\u00e9sente aux personnes visitant le site. Cela pourrait ressembler \u00e0 quelque chose comme cela&nbsp;:<\/p>\n\n\n\n<blockquote class=\"wp-block-quote\">\n<p>Bonjour&nbsp;! Je suis un m\u00e9canicien qui aspire \u00e0 devenir acteur, et voici mon site. J\u2019habite \u00e0 Bordeaux, j\u2019ai un super chien baptis\u00e9 Russell, et j\u2019aime la vodka (ainsi qu\u2019\u00eatre surpris par la pluie soudaine lors de longues balades sur la plage au coucher du soleil).<\/p>\n<\/blockquote>\n\n\n\n<p>\u2026ou quelque chose comme cela&nbsp;:<\/p>\n\n\n\n<blockquote class=\"wp-block-quote\">\n<p>La soci\u00e9t\u00e9 123 Machin Truc a \u00e9t\u00e9 cr\u00e9\u00e9e en 1971, et n\u2019a cess\u00e9 de proposer au public des machins-trucs de qualit\u00e9 depuis lors. Situ\u00e9e \u00e0 Saint-Remy-en-Bouzemont-Saint-Genest-et-Isson, 123 Machin Truc emploie 2 000 personnes, et fabrique toutes sortes de bidules supers pour la communaut\u00e9 bouzemontoise.<\/p>\n<\/blockquote>\n\n\n\n<p>En tant que nouvel utilisateur ou utilisatrice de WordPress, vous devriez vous rendre sur <a href=\"https:\/\/herboristerie.ortieetplantain.fr\/wp-admin\/\">votre tableau de bord<\/a> pour supprimer cette page et cr\u00e9er de nouvelles pages pour votre contenu. Amusez-vous bien&nbsp;!<\/p>\n\n\n<div class=\"wp-block-simpay-payment-form\" id=\"simpay-block-payment-form-11\" data-form-id=\"11\" data-form-vars='{\"stripe\":{\"apiKey\":\"pk_test_51OJGsyCMSsaouDBTsDRjFeVq5ywW7YR1x3wknO5FTnmBKPGypHW1gwZ4rk6K4gGEzoP3T1lpxyFPyxtK6mAZTSBs00n3cSLj04\",\"apiVersion\":\"2023-10-16\",\"locale\":\"auto\"},\"settings\":{\"prices\":[{\"instance_id\":\"0\",\"product_id\":\"prod_PVQYOoX3DhRWXJ\",\"id\":\"price_1OgPoRCMSsaouDBTBWjQTzE0\",\"default\":true,\"label\":null,\"currency\":\"usd\",\"currency_symbol\":\"&#36;\",\"is_zero_decimal\":false,\"unit_amount\":100,\"unit_amount_min\":null,\"can_recur\":false,\"recurring\":null,\"line_items\":null}],\"returnUrl\":\"https:\\\/\\\/herboristerie.ortieetplantain.fr\\\/index.php\\\/payment-confirmation\\\/?form_id=11\",\"failureUrl\":\"https:\\\/\\\/herboristerie.ortieetplantain.fr\\\/index.php\\\/payment-failed\\\/?form_id=11\"},\"i18n\":{\"paymentButtonText\":\"Pay Now\",\"paymentButtonTrialText\":\"Start Trial\",\"paymentButtonLoadingText\":\"Processing...\",\"stripeErrorMessages\":{\"invalid_number\":\"The card number is not a valid credit card number.\",\"invalid_expiry_month\":\"The card\\u0027s expiration month is invalid.\",\"invalid_expiry_year\":\"The card\\u0027s expiration year is invalid.\",\"invalid_cvc\":\"The card\\u0027s security code is invalid.\",\"incorrect_number\":\"The card number is incorrect.\",\"incomplete_number\":\"The card number is incomplete.\",\"incomplete_cvc\":\"The card\\u0027s security code is incomplete.\",\"incomplete_expiry\":\"The card\\u0027s expiration date is incomplete.\",\"expired_card\":\"The card has expired.\",\"incorrect_cvc\":\"The card\\u0027s security code is incorrect.\",\"incorrect_zip\":\"The card\\u0027s zip code failed validation.\",\"invalid_expiry_year_past\":\"The card\\u0027s expiration year is in the past\",\"card_declined\":\"The card was declined.\",\"processing_error\":\"An error occurred while processing the card.\",\"invalid_request_error\":\"Unable to process this payment, please try again or use alternative method.\",\"email_invalid\":\"Invalid email address, please correct and try again.\"},\"unknownError\":\"Unable to complete request. Please try again.\"}}'><div id=\"simpay-stripe_checkout-form-wrap-11\" data-id=\"simpay-form-11-wrap\" class=\"simpay-form-wrap simpay-stripe_checkout-form-wrap\"><form action=\"\" method=\"post\" class=\"simpay-checkout-form simpay-form-11 simpay-styled\" id=\"simpay-form-11\" data-simpay-form-id=\"11\" ><div class=\"simpay-form-control\"><button id=\"2\" class=\"simpay-btn simpay-payment-btn stripe-button-el\"><span>Pay Now<\/span><\/button><\/div><div class=\"simpay-generic-error simpay-errors\" id=\"simpay-form-11-error\" aria-live=\"assertive\" aria-relevant=\"additions text\" aria-atomic=\"true\"><\/div><input type=\"hidden\" name=\"simpay_form_id\" value=\"11\" \/><input type=\"hidden\" name=\"simpay_amount\" value=\"\" class=\"simpay-amount\" \/><div class=\"simpay-test-mode-badge-container\"><span class=\"simpay-test-mode-badge\">Test Mode<\/span><\/div><input type=\"hidden\" id=\"_wpnonce\" name=\"_wpnonce\" value=\"9cb65b02f5\" \/><input type=\"hidden\" name=\"_wp_http_referer\" value=\"\/index.php\/wp-json\/wp\/v2\/pages\/2\" \/><\/form><\/div><\/div><style><\/style>","protected":false},"excerpt":{"rendered":"<p>Ceci est une page d\u2019exemple. C\u2019est diff\u00e9rent d\u2019un article de blog parce qu\u2019elle restera au m\u00eame endroit et appara\u00eetra dans [&hellip;]<\/p>\n","protected":false},"author":1,"featured_media":0,"parent":0,"menu_order":0,"comment_status":"closed","ping_status":"open","template":"","meta":{"site-sidebar-layout":"default","site-content-layout":"","ast-site-content-layout":"","site-content-style":"default","site-sidebar-style":"default","ast-global-header-display":"","ast-banner-title-visibility":"","ast-main-header-display":"","ast-hfb-above-header-display":"","ast-hfb-below-header-display":"","ast-hfb-mobile-header-display":"","site-post-title":"","ast-breadcrumbs-content":"","ast-featured-img":"","footer-sml-layout":"","theme-transparent-header-meta":"","adv-header-id-meta":"","stick-header-meta":"","header-above-stick-meta":"","header-main-stick-meta":"","header-below-stick-meta":"","astra-migrate-meta-layouts":"default","ast-page-background-enabled":"default","ast-page-background-meta":{"desktop":{"background-color":"var(--ast-global-color-4)","background-image":"","background-repeat":"repeat","background-position":"center center","background-size":"auto","background-attachment":"scroll","background-type":"","background-media":"","overlay-type":"","overlay-color":"","overlay-gradient":""},"tablet":{"background-color":"","background-image":"","background-repeat":"repeat","background-position":"center center","background-size":"auto","background-attachment":"scroll","background-type":"","background-media":"","overlay-type":"","overlay-color":"","overlay-gradient":""},"mobile":{"background-color":"","background-image":"","background-repeat":"repeat","background-position":"center center","background-size":"auto","background-attachment":"scroll","background-type":"","background-media":"","overlay-type":"","overlay-color":"","overlay-gradient":""}},"ast-content-background-meta":{"desktop":{"background-color":"var(--ast-global-color-5)","background-image":"","background-repeat":"repeat","background-position":"center center","background-size":"auto","background-attachment":"scroll","background-type":"","background-media":"","overlay-type":"","overlay-color":"","overlay-gradient":""},"tablet":{"background-color":"var(--ast-global-color-5)","background-image":"","background-repeat":"repeat","background-position":"center center","background-size":"auto","background-attachment":"scroll","background-type":"","background-media":"","overlay-type":"","overlay-color":"","overlay-gradient":""},"mobile":{"background-color":"var(--ast-global-color-5)","background-image":"","background-repeat":"repeat","background-position":"center center","background-size":"auto","background-attachment":"scroll","background-type":"","background-media":"","overlay-type":"","overlay-color":"","overlay-gradient":""}},"footnotes":""},"_links":{"self":[{"href":"https:\/\/herboristerie.ortieetplantain.fr\/index.php\/wp-json\/wp\/v2\/pages\/2"}],"collection":[{"href":"https:\/\/herboristerie.ortieetplantain.fr\/index.php\/wp-json\/wp\/v2\/pages"}],"about":[{"href":"https:\/\/herboristerie.ortieetplantain.fr\/index.php\/wp-json\/wp\/v2\/types\/page"}],"author":[{"embeddable":true,"href":"https:\/\/herboristerie.ortieetplantain.fr\/index.php\/wp-json\/wp\/v2\/users\/1"}],"replies":[{"embeddable":true,"href":"https:\/\/herboristerie.ortieetplantain.fr\/index.php\/wp-json\/wp\/v2\/comments?post=2"}],"version-history":[{"count":2,"href":"https:\/\/herboristerie.ortieetplantain.fr\/index.php\/wp-json\/wp\/v2\/pages\/2\/revisions"}],"predecessor-version":[{"id":13,"href":"https:\/\/herboristerie.ortieetplantain.fr\/index.php\/wp-json\/wp\/v2\/pages\/2\/revisions\/13"}],"wp:attachment":[{"href":"https:\/\/herboristerie.ortieetplantain.fr\/index.php\/wp-json\/wp\/v2\/media?parent=2"}],"curies":[{"name":"wp","href":"https:\/\/api.w.org\/{rel}","templated":true}]}}